{"id":58,"date":"2024-06-15T19:09:58","date_gmt":"2024-06-15T17:09:58","guid":{"rendered":"https:\/\/www.lipsi-island.com\/it\/?page_id=58"},"modified":"2024-06-15T19:50:42","modified_gmt":"2024-06-15T17:50:42","slug":"dove-mangiare","status":"publish","type":"page","link":"https:\/\/www.lipsi-island.com\/it\/dove-mangiare\/","title":{"rendered":"Dove Mangiare"},"content":{"rendered":"\n<h2 class=\"wp-block-heading\">LIpsi Ristoranti e Cucina Locale<\/h2>\n\n\n<p>Lipsi, con la sua tradizione marinara e agricola, offre una cucina semplice ma deliziosa, basata su ingredienti freschi e genuini. I piatti tipici dell&#8217;isola riflettono la ricchezza del Mar Egeo e la generosit\u00e0 della terra, creando un&#8217;esperienza culinaria che incanta i visitatori<\/p>\n<p>Anche se poco conosciuto dalle folle di viaggiatori, Lipsi ha un suo pubblico fanatico, principalmente dall&#8217;Italia, ma anche dal Regno Unito, dalla Spagna e dai paesi scandinavi, e gode di alti tassi di traffico e di occupazione durante tutta la stagione estiva. Nei ristoranti e nelle taverne sul mare di Lipsi troverete pesce fresco direttamente dalle barche e vino locale che addolcisce le notti e le fa durare per sempre.<\/p>\n<p>Al ristorante \u201cCalypso\u201d al porto, lo chef Pepo, cuoche risotti e pasta ai frutti di mare, spaghetti al rag\u00f9 di pesce fresco (variando la ricetta classica con carne macinata) e calamari al vapore (cio\u00e8 al vapore) con arancia e cannella .<\/p>\n<p>Naturalmente il negozio, che \u00e8 a conduzione familiare e in cucina c&#8217;\u00e8 anche la madre del proprietario, la signora Alexandra, serve anche ottimi stufati greci, come lo stufato di capra ripieno e quello di coniglio.<\/p>\n<p>Centro per gli appassionati di gourmet cucina \u00e8 il \u201cDilaila\u201d. Qui, sulla bellissima spiaggia di Katsadia, dove sono ormeggiate molte barche piccole e grandi, il proprietario e cuoco Christodoulos migliora anno dopo anno.<\/p>\n<p>Il bar sulla spiaggia, un tempo un po&#8217; hippy, \u00e8 ora consigliato come ristorante e Christodoulos e il suo team servono uno degli antipasti pi\u00f9 deliziosi dell&#8217;Egeo, l&#8217;improbabile &#8220;pesce d&#8217;erba&#8221;, come lo chiamano loro. Cosa \u00e8; Tonno fresco saltato con verdure biologiche del loro orto e condimento agli agrumi.<\/p>\n<p>Prepara anche carpaccio di calamari e polpi di origine lepsotica, mentre per i pi\u00f9 amanti del pesce un&#8217;ottima proposta \u00e8 il tonno a media cottura accompagnato da croccanti \u201cdoppie patate\u201d (patate prima lessate e poi fritte).<\/p>\n<h3>Ristoranti<\/h3>\n<p><strong>Dilaila<\/strong><\/p>\n<p><img decoding=\"async\" class=\"alignleft size-full wp-image-62\" src=\"https:\/\/www.lipsi-island.com\/it\/wp-content\/uploads\/2024\/06\/delilah-katsadia.jpg\" alt=\"delilah-katsadia\" width=\"300\" height=\"218\" \/>Potrete gustare le patate doppie come contorno alle carni \u201cdi Dilaila\u201d, alla sostanziosa bistecca di manzo, ma anche al brisket, che pu\u00f2 essere grigliato o fritto (meglio la seconda versione) e servito con salsa al vino o pesto.<\/p>\n<p>Per quelli di voi che amano la frutta fresca nelle macedonie, Christodoulos osa una speciale insalata di angurie e un&#8217;altra speciale e molto fresca insalata di arance. Noi abbiamo provato il secondo con arancia appena tagliata, feta, olive e cipolla e ci \u00e8 piaciuto molto. Per quanto riguarda il dessert, Christodoulos \u00e8 noto a tutti per il suo banoffee!<\/p>\n<p><strong>Platy Gyalos<\/strong><\/p>\n<p><img decoding=\"async\" class=\"alignleft wp-image-66 size-medium\" src=\"https:\/\/www.lipsi-island.com\/it\/wp-content\/uploads\/2024\/06\/platys-gialos-300x235.jpg\" alt=\"platys-gialos\" width=\"300\" height=\"235\" srcset=\"https:\/\/www.lipsi-island.com\/it\/wp-content\/uploads\/2024\/06\/platys-gialos-300x235.jpg 300w, https:\/\/www.lipsi-island.com\/it\/wp-content\/uploads\/2024\/06\/platys-gialos.jpg 580w\" sizes=\"(max-width: 300px) 100vw, 300px\" \/>Sulla spiaggia appropriata dell&#8217;isola, che ha anche una taverna, a Platy Gyalos con le sue acque turchesi, Lefteris, che ha studiato in una scuola di cucina, frigge bellissime polpette di zucca e le serve con un leggero tzatziki nel mezzo, lui fa una buonissima insalata di tonno, che ogni anno appare sempre pi\u00f9 buona, e per il resto&#8230;<\/p>\n<p>Qui vale la pena ordinare il pesce del giorno \u2013 dal sottile batate bianco in padella alle grandi orate \u2013 o il pollo di produzione propria, ben allevato e cotto ad arte. Insomma, se volete del pollo alla griglia a Lipsi, siete nel posto giusto. La domenica qui incontrerete quasi tutta l&#8217;isola, la gente del posto che viene a fare il bagno e mangiare.<\/p>\n<p><strong>Calypso<\/strong><\/p>\n<p><img decoding=\"async\" class=\"alignleft size-full wp-image-67\" src=\"https:\/\/www.lipsi-island.com\/it\/wp-content\/uploads\/2024\/06\/calypso.jpg\" alt=\"calypso\" width=\"300\" height=\"211\" \/>Nelle sere d&#8217;estate tutto il traffico si concentra al porto, dove oltre al \u201cCalypso\u201d ci sono altri punti di ristoro. Uno dei preferiti \u00e8 &#8220;Pefko&#8221; con le tovaglie a quadretti rossi sui tavoli e il sempre buon umore del proprietario Nikos. Qui il menu \u00e8 pi\u00f9&#8230; urbano.<\/p>\n<p>Tre piatti che vale la pena provare sono gli involtini di melanzane con formaggio e salsa di pomodoro, il &#8220;kleftiko&#8221;, che \u00e8 carne di manzo con formaggio all&#8217;interno di una crosta, cotto in una pentola di terracotta, e le penne &#8220;Pefko&#8221;, nella sua ricetta segreta che decifrandola, troviamo la panna e la pancetta, e ci chiediamo se il gusto speciale della salsa sia dato dall&#8217;aceto balsamico o dal vino Lepsiot. Ottimo anche lo spiedino di pesce spada.<\/p>\n<p><strong>Aspraki<\/strong><\/p>\n<p><img decoding=\"async\" class=\"alignleft size-full wp-image-68\" src=\"https:\/\/www.lipsi-island.com\/it\/wp-content\/uploads\/2024\/06\/aspraki.jpg\" alt=\"aspraki\" width=\"300\" height=\"210\" \/>Continuando la passeggiata e superando gli ouzeries, fate un&#8217;ultima sosta ad &#8220;Mikro Kafe&#8221;, sedetevi sulle bancarelle di stracci di fronte al porto turistico, ascoltate la vecchia rebetika o qualunque cosa vi renda felici e godetevi il polpo alla griglia, le seppie fritte, le polpette di polpo o le polpette di merluzzo. con aglio, la loro insalata di melanzane e barbabietole.<\/p>\n<p>Qui il men\u00f9 non \u00e8 mai fisso, dipende dal pescato del giorno e dagli ingredienti a disposizione del cuoco. In ogni caso, Sivos lo chef \u00e8 l\u00ec e ti informer\u00e0 sulle opzioni che hai per accompagnare il tuo ouzo, che \u00e8 un must, o il tuo tsipouro e birra.<\/p>\n<p><strong>Pefko<\/strong><\/p>\n<p><img decoding=\"async\" class=\"alignleft wp-image-69 size-medium\" src=\"https:\/\/www.lipsi-island.com\/it\/wp-content\/uploads\/2024\/06\/pefko-300x266.jpg\" alt=\"pefko\" width=\"300\" height=\"266\" srcset=\"https:\/\/www.lipsi-island.com\/it\/wp-content\/uploads\/2024\/06\/pefko-300x266.jpg 300w, https:\/\/www.lipsi-island.com\/it\/wp-content\/uploads\/2024\/06\/pefko.jpg 565w\" sizes=\"(max-width: 300px) 100vw, 300px\" \/>Pefko \u00e8 un ristorante tradizionale greco con cucina di qualit\u00e0. Si trova al porto e ha una splendida vista sul mare. La storia: La famiglia Poniri \u00e8 una delle famiglie pi\u00f9 antiche dell&#8217;isola di Lipsia. Nikos e Maria Poniri, hanno deciso di restare e lavorare nella loro citt\u00e0 natale e cos\u00ec hanno trasformato la loro casa ancestrale in questo bellissimo ristorante,<\/p>\n<p>&#8220;TO PEFKO&#8221;. Nikos, Maria e il marito di Takis Smalis, hanno aperto PEFKO nel 2003. Maria e Takis sono cuochi professionisti, con studi e una vasta esperienza professionale in vari buoni ristoranti ad Atene e in altre citt\u00e0. Troverai pasta e risotti ai frutti di mare freschi, pasta all&#8217;astice, pasta ai gamberi, piatti a base di carne di animali locali e tanti stufati.<\/p>\n<p><strong>Yannis<\/strong><\/p>\n<p>Il ristorante Yiannis a Lips\u03b9s crea una squisita cucina greca con la firma del noto chef Pantelis, esperto e talentuoso. L&#8217;atmosfera domina con lo sfondo del bellissimo porto e il viaggio culinario inizia con la prima forchettata. Troverai piatti di pesce e di carne in porzioni abbondanti e a prezzi convenienti. Agnello arrosto, pesce fresco come carpaccio di pesce spada, pasta all&#8217;astice e tanti altri piatti creativi di mare<\/p>\n<p><img decoding=\"async\" class=\"alignnone size-full wp-image-70\" src=\"https:\/\/www.lipsi-island.com\/it\/wp-content\/uploads\/2024\/06\/yannis.jpg\" alt=\"yannis\" width=\"751\" height=\"552\" srcset=\"https:\/\/www.lipsi-island.com\/it\/wp-content\/uploads\/2024\/06\/yannis.jpg 751w, https:\/\/www.lipsi-island.com\/it\/wp-content\/uploads\/2024\/06\/yannis-300x221.jpg 300w\" sizes=\"(max-width: 751px) 100vw, 751px\" \/><\/p>","protected":false},"excerpt":{"rendered":"<p>LIpsi Ristoranti e Cucina Locale Lipsi, con la sua tradizione marinara e agricola, offre una cucina semplice ma deliziosa, basata su ingredienti freschi e genuini. I piatti tipici dell&#8217;isola riflettono la ricchezza del Mar Egeo e la generosit\u00e0 della terra, creando un&#8217;esperienza culinaria che incanta i visitatori Anche se poco conosciuto dalle folle di viaggiatori,<br \/><a class=\"moretag\" href=\"https:\/\/www.lipsi-island.com\/it\/dove-mangiare\/\">+ Leggi di Pi\u00f9<\/a><\/p>\n","protected":false},"author":1,"featured_media":71,"parent":0,"menu_order":0,"comment_status":"closed","ping_status":"closed","template":"","meta":{"footnotes":""},"class_list":["post-58","page","type-page","status-publish","has-post-thumbnail","hentry"],"yoast_head":"<!-- This site is optimized with the Yoast SEO plugin v22.8 - https:\/\/yoast.com\/wordpress\/plugins\/seo\/ -->\n<title>LIpsi Ristoranti e Cucina Locale<\/title>\n<meta name=\"description\" content=\"Lipsi, con la sua tradizione marinara e agricola, offre una cucina semplice ma deliziosa, basata su ingredienti freschi e genuini. ristoranti, cuoche risotti e pasta ai frutti di mare, spaghetti al rag\u00f9\" \/>\n<meta name=\"robots\" content=\"index, follow, max-snippet:-1, max-image-preview:large, max-video-preview:-1\" \/>\n<link rel=\"canonical\" href=\"https:\/\/www.lipsi-island.com\/it\/dove-mangiare\/\" \/>\n<meta property=\"og:locale\" content=\"it_IT\" \/>\n<meta property=\"og:type\" content=\"article\" \/>\n<meta property=\"og:title\" content=\"LIpsi Ristoranti e Cucina Locale\" \/>\n<meta property=\"og:description\" content=\"Lipsi, con la sua tradizione marinara e agricola, offre una cucina semplice ma deliziosa, basata su ingredienti freschi e genuini. ristoranti, cuoche risotti e pasta ai frutti di mare, spaghetti al rag\u00f9\" \/>\n<meta property=\"og:url\" content=\"https:\/\/www.lipsi-island.com\/it\/dove-mangiare\/\" \/>\n<meta property=\"og:site_name\" content=\"Lipsi\" \/>\n<meta property=\"article:modified_time\" content=\"2024-06-15T17:50:42+00:00\" \/>\n<meta property=\"og:image\" content=\"https:\/\/www.lipsi-island.com\/it\/wp-content\/uploads\/2024\/06\/lipsi-cucina-cibo.jpg\" \/>\n\t<meta property=\"og:image:width\" content=\"722\" \/>\n\t<meta property=\"og:image:height\" content=\"571\" \/>\n\t<meta property=\"og:image:type\" content=\"image\/jpeg\" \/>\n<meta name=\"twitter:card\" content=\"summary_large_image\" \/>\n<meta name=\"twitter:label1\" content=\"Tempo di lettura stimato\" \/>\n\t<meta name=\"twitter:data1\" content=\"7 minuti\" \/>\n<script type=\"application\/ld+json\" class=\"yoast-schema-graph\">{\"@context\":\"https:\/\/schema.org\",\"@graph\":[{\"@type\":\"WebPage\",\"@id\":\"https:\/\/www.lipsi-island.com\/it\/dove-mangiare\/\",\"url\":\"https:\/\/www.lipsi-island.com\/it\/dove-mangiare\/\",\"name\":\"LIpsi Ristoranti e Cucina Locale\",\"isPartOf\":{\"@id\":\"https:\/\/www.lipsi-island.com\/it\/#website\"},\"primaryImageOfPage\":{\"@id\":\"https:\/\/www.lipsi-island.com\/it\/dove-mangiare\/#primaryimage\"},\"image\":{\"@id\":\"https:\/\/www.lipsi-island.com\/it\/dove-mangiare\/#primaryimage\"},\"thumbnailUrl\":\"https:\/\/www.lipsi-island.com\/it\/wp-content\/uploads\/2024\/06\/lipsi-cucina-cibo.jpg\",\"datePublished\":\"2024-06-15T17:09:58+00:00\",\"dateModified\":\"2024-06-15T17:50:42+00:00\",\"description\":\"Lipsi, con la sua tradizione marinara e agricola, offre una cucina semplice ma deliziosa, basata su ingredienti freschi e genuini. ristoranti, cuoche risotti e pasta ai frutti di mare, spaghetti al rag\u00f9\",\"breadcrumb\":{\"@id\":\"https:\/\/www.lipsi-island.com\/it\/dove-mangiare\/#breadcrumb\"},\"inLanguage\":\"it-IT\",\"potentialAction\":[{\"@type\":\"ReadAction\",\"target\":[\"https:\/\/www.lipsi-island.com\/it\/dove-mangiare\/\"]}]},{\"@type\":\"ImageObject\",\"inLanguage\":\"it-IT\",\"@id\":\"https:\/\/www.lipsi-island.com\/it\/dove-mangiare\/#primaryimage\",\"url\":\"https:\/\/www.lipsi-island.com\/it\/wp-content\/uploads\/2024\/06\/lipsi-cucina-cibo.jpg\",\"contentUrl\":\"https:\/\/www.lipsi-island.com\/it\/wp-content\/uploads\/2024\/06\/lipsi-cucina-cibo.jpg\",\"width\":722,\"height\":571},{\"@type\":\"BreadcrumbList\",\"@id\":\"https:\/\/www.lipsi-island.com\/it\/dove-mangiare\/#breadcrumb\",\"itemListElement\":[{\"@type\":\"ListItem\",\"position\":1,\"name\":\"Home\",\"item\":\"https:\/\/www.lipsi-island.com\/it\/\"},{\"@type\":\"ListItem\",\"position\":2,\"name\":\"Dove Mangiare\"}]},{\"@type\":\"WebSite\",\"@id\":\"https:\/\/www.lipsi-island.com\/it\/#website\",\"url\":\"https:\/\/www.lipsi-island.com\/it\/\",\"name\":\"Lipsi\",\"description\":\"\",\"publisher\":{\"@id\":\"https:\/\/www.lipsi-island.com\/it\/#organization\"},\"potentialAction\":[{\"@type\":\"SearchAction\",\"target\":{\"@type\":\"EntryPoint\",\"urlTemplate\":\"https:\/\/www.lipsi-island.com\/it\/?s={search_term_string}\"},\"query-input\":\"required name=search_term_string\"}],\"inLanguage\":\"it-IT\"},{\"@type\":\"Organization\",\"@id\":\"https:\/\/www.lipsi-island.com\/it\/#organization\",\"name\":\"Lipsi\",\"url\":\"https:\/\/www.lipsi-island.com\/it\/\",\"logo\":{\"@type\":\"ImageObject\",\"inLanguage\":\"it-IT\",\"@id\":\"https:\/\/www.lipsi-island.com\/it\/#\/schema\/logo\/image\/\",\"url\":\"https:\/\/www.lipsi-island.com\/it\/wp-content\/uploads\/2024\/06\/lipsi-grecia.jpg.webp\",\"contentUrl\":\"https:\/\/www.lipsi-island.com\/it\/wp-content\/uploads\/2024\/06\/lipsi-grecia.jpg.webp\",\"width\":400,\"height\":295,\"caption\":\"Lipsi\"},\"image\":{\"@id\":\"https:\/\/www.lipsi-island.com\/it\/#\/schema\/logo\/image\/\"}}]}<\/script>\n<!-- \/ Yoast SEO plugin. -->","yoast_head_json":{"title":"LIpsi Ristoranti e Cucina Locale","description":"Lipsi, con la sua tradizione marinara e agricola, offre una cucina semplice ma deliziosa, basata su ingredienti freschi e genuini. ristoranti, cuoche risotti e pasta ai frutti di mare, spaghetti al rag\u00f9","robots":{"index":"index","follow":"follow","max-snippet":"max-snippet:-1","max-image-preview":"max-image-preview:large","max-video-preview":"max-video-preview:-1"},"canonical":"https:\/\/www.lipsi-island.com\/it\/dove-mangiare\/","og_locale":"it_IT","og_type":"article","og_title":"LIpsi Ristoranti e Cucina Locale","og_description":"Lipsi, con la sua tradizione marinara e agricola, offre una cucina semplice ma deliziosa, basata su ingredienti freschi e genuini. ristoranti, cuoche risotti e pasta ai frutti di mare, spaghetti al rag\u00f9","og_url":"https:\/\/www.lipsi-island.com\/it\/dove-mangiare\/","og_site_name":"Lipsi","article_modified_time":"2024-06-15T17:50:42+00:00","og_image":[{"width":722,"height":571,"url":"https:\/\/www.lipsi-island.com\/it\/wp-content\/uploads\/2024\/06\/lipsi-cucina-cibo.jpg","type":"image\/jpeg"}],"twitter_card":"summary_large_image","twitter_misc":{"Tempo di lettura stimato":"7 minuti"},"schema":{"@context":"https:\/\/schema.org","@graph":[{"@type":"WebPage","@id":"https:\/\/www.lipsi-island.com\/it\/dove-mangiare\/","url":"https:\/\/www.lipsi-island.com\/it\/dove-mangiare\/","name":"LIpsi Ristoranti e Cucina Locale","isPartOf":{"@id":"https:\/\/www.lipsi-island.com\/it\/#website"},"primaryImageOfPage":{"@id":"https:\/\/www.lipsi-island.com\/it\/dove-mangiare\/#primaryimage"},"image":{"@id":"https:\/\/www.lipsi-island.com\/it\/dove-mangiare\/#primaryimage"},"thumbnailUrl":"https:\/\/www.lipsi-island.com\/it\/wp-content\/uploads\/2024\/06\/lipsi-cucina-cibo.jpg","datePublished":"2024-06-15T17:09:58+00:00","dateModified":"2024-06-15T17:50:42+00:00","description":"Lipsi, con la sua tradizione marinara e agricola, offre una cucina semplice ma deliziosa, basata su ingredienti freschi e genuini. ristoranti, cuoche risotti e pasta ai frutti di mare, spaghetti al rag\u00f9","breadcrumb":{"@id":"https:\/\/www.lipsi-island.com\/it\/dove-mangiare\/#breadcrumb"},"inLanguage":"it-IT","potentialAction":[{"@type":"ReadAction","target":["https:\/\/www.lipsi-island.com\/it\/dove-mangiare\/"]}]},{"@type":"ImageObject","inLanguage":"it-IT","@id":"https:\/\/www.lipsi-island.com\/it\/dove-mangiare\/#primaryimage","url":"https:\/\/www.lipsi-island.com\/it\/wp-content\/uploads\/2024\/06\/lipsi-cucina-cibo.jpg","contentUrl":"https:\/\/www.lipsi-island.com\/it\/wp-content\/uploads\/2024\/06\/lipsi-cucina-cibo.jpg","width":722,"height":571},{"@type":"BreadcrumbList","@id":"https:\/\/www.lipsi-island.com\/it\/dove-mangiare\/#breadcrumb","itemListElement":[{"@type":"ListItem","position":1,"name":"Home","item":"https:\/\/www.lipsi-island.com\/it\/"},{"@type":"ListItem","position":2,"name":"Dove Mangiare"}]},{"@type":"WebSite","@id":"https:\/\/www.lipsi-island.com\/it\/#website","url":"https:\/\/www.lipsi-island.com\/it\/","name":"Lipsi","description":"","publisher":{"@id":"https:\/\/www.lipsi-island.com\/it\/#organization"},"potentialAction":[{"@type":"SearchAction","target":{"@type":"EntryPoint","urlTemplate":"https:\/\/www.lipsi-island.com\/it\/?s={search_term_string}"},"query-input":"required name=search_term_string"}],"inLanguage":"it-IT"},{"@type":"Organization","@id":"https:\/\/www.lipsi-island.com\/it\/#organization","name":"Lipsi","url":"https:\/\/www.lipsi-island.com\/it\/","logo":{"@type":"ImageObject","inLanguage":"it-IT","@id":"https:\/\/www.lipsi-island.com\/it\/#\/schema\/logo\/image\/","url":"https:\/\/www.lipsi-island.com\/it\/wp-content\/uploads\/2024\/06\/lipsi-grecia.jpg.webp","contentUrl":"https:\/\/www.lipsi-island.com\/it\/wp-content\/uploads\/2024\/06\/lipsi-grecia.jpg.webp","width":400,"height":295,"caption":"Lipsi"},"image":{"@id":"https:\/\/www.lipsi-island.com\/it\/#\/schema\/logo\/image\/"}}]}},"_links":{"self":[{"href":"https:\/\/www.lipsi-island.com\/it\/wp-json\/wp\/v2\/pages\/58","targetHints":{"allow":["GET"]}}],"collection":[{"href":"https:\/\/www.lipsi-island.com\/it\/wp-json\/wp\/v2\/pages"}],"about":[{"href":"https:\/\/www.lipsi-island.com\/it\/wp-json\/wp\/v2\/types\/page"}],"author":[{"embeddable":true,"href":"https:\/\/www.lipsi-island.com\/it\/wp-json\/wp\/v2\/users\/1"}],"replies":[{"embeddable":true,"href":"https:\/\/www.lipsi-island.com\/it\/wp-json\/wp\/v2\/comments?post=58"}],"version-history":[{"count":0,"href":"https:\/\/www.lipsi-island.com\/it\/wp-json\/wp\/v2\/pages\/58\/revisions"}],"wp:featuredmedia":[{"embeddable":true,"href":"https:\/\/www.lipsi-island.com\/it\/wp-json\/wp\/v2\/media\/71"}],"wp:attachment":[{"href":"https:\/\/www.lipsi-island.com\/it\/wp-json\/wp\/v2\/media?parent=58"}],"curies":[{"name":"wp","href":"https:\/\/api.w.org\/{rel}","templated":true}]}}