{"id":52,"date":"2024-06-15T14:03:25","date_gmt":"2024-06-15T12:03:25","guid":{"rendered":"https:\/\/www.lipsi-island.com\/it\/?page_id=52"},"modified":"2024-06-15T14:04:04","modified_gmt":"2024-06-15T12:04:04","slug":"villagio-di-lipsos","status":"publish","type":"page","link":"https:\/\/www.lipsi-island.com\/it\/lipsos\/","title":{"rendered":"Villagio di Lipsos"},"content":{"rendered":"\n<h2 class=\"wp-block-heading\">Il Capoluogo Di Lipsi<\/h2>\n\n\n<p><img decoding=\"async\" class=\"wp-image-53 size-medium alignleft\" src=\"https:\/\/www.lipsi-island.com\/it\/wp-content\/uploads\/2024\/06\/chora-300x213.jpg\" alt=\"chora\" width=\"300\" height=\"213\" srcset=\"https:\/\/www.lipsi-island.com\/it\/wp-content\/uploads\/2024\/06\/chora-300x213.jpg 300w, https:\/\/www.lipsi-island.com\/it\/wp-content\/uploads\/2024\/06\/chora.jpg 492w\" sizes=\"(max-width: 300px) 100vw, 300px\" \/>Lipsi ha un unico insediamento principale (Chora o Lipsos) , situato nel porto riparato dell&#8217;isola. Questo incantevole villaggio insulare \u00e8 caratterizzato da casette bianche con persiane azzurre e marroni, una pittoresca piazza con il Municipio e il Museo Ecclesiastico e Folcloristico, e una chiesa tutta bianca con una cupola blu dominante. Intorno al porto, si trovano negozietti, taverne e pescherecci, creando un&#8217;atmosfera vivace e accogliente.<\/p>\n<p>Lipsi rappresenta perfettamente il paesaggio tipico delle isole del Mar Egeo: arido, secco, con pochi alberi e un terreno roccioso. L&#8217;isola sembra essere stata progettata su misura per l&#8217;uomo, con una scala &#8220;umana&#8221; che la rende ospitale, tranquilla e facilmente percorribile. \u00c8 caratterizzata da basse colline, uliveti, vigneti e campi coltivati, oltre a meravigliose coste, spiagge, scogliere e grotte lungo i suoi 36 chilometri di costa.<\/p>\n<h4>La Posizione<\/h4>\n<p>Conosciuta fin dall&#8217;antichit\u00e0 come Leipsi, questa piccola isola \u00e8 la pi\u00f9 grande di un gruppo di 30 isolotti situati nel sud-est del Mar Egeo, nel Dodecaneso. A est di Patmos e a nord di Leros, Lipsi si estende per 16 km\u00b2 e invita i visitatori a scoprirla insieme ai suoi 784 abitanti.<\/p>\n<h4>Il Porto<\/h4>\n<p>Il porto naturale e sicuro di Lipsi accoglie quotidianamente numerose imbarcazioni e dispone di una stazione di rifornimento organizzata con carburante, elettricit\u00e0 e acqua. Il porto \u00e8 diviso in tre zone:<\/p>\n<p><strong>Zona Turistica<\/strong>: Destinata all&#8217;accoglienza delle navi di linea di ogni dimensione.<\/p>\n<p><strong>Zona per Imbarcazioni da Pesca e da Diporto<\/strong>: Riservata alle imbarcazioni private, sia motorizzate che a vela.<\/p>\n<p><strong>Zona Commerciale<\/strong>: Dedicata a tutte le attivit\u00e0 commerciali, dal rifornimento di acqua e carburante all&#8217;accoglienza di navi cargo.<\/p>\n<p><img decoding=\"async\" class=\"alignnone size-full wp-image-54\" src=\"https:\/\/www.lipsi-island.com\/it\/wp-content\/uploads\/2024\/06\/porto-di-lipsi.jpg\" alt=\"porto-di-lipsi\" width=\"492\" height=\"349\" srcset=\"https:\/\/www.lipsi-island.com\/it\/wp-content\/uploads\/2024\/06\/porto-di-lipsi.jpg 492w, https:\/\/www.lipsi-island.com\/it\/wp-content\/uploads\/2024\/06\/porto-di-lipsi-300x213.jpg 300w\" sizes=\"(max-width: 492px) 100vw, 492px\" \/><\/p>\n<h4>Sentieri e Percorsi<\/h4>\n<p>I sentieri e le strade che partono dal villaggio principale conducono a piccoli insediamenti come Katsadia, a spiagge tranquille o selvagge, a chiese e cappelle sparse in tutta l&#8217;isola e a bellezze naturali che non si trovano nei luoghi di turismo di massa. Passeggiando per questi percorsi, i visitatori possono esplorare la variet\u00e0 di paesaggi che Lipsi ha da offrire, scoprendo angoli nascosti e panorami mozzafiato.<\/p>","protected":false},"excerpt":{"rendered":"<p>Il Capoluogo Di Lipsi Lipsi ha un unico insediamento principale (Chora o Lipsos) , situato nel porto riparato dell&#8217;isola. Questo incantevole villaggio insulare \u00e8 caratterizzato da casette bianche con persiane azzurre e marroni, una pittoresca piazza con il Municipio e il Museo Ecclesiastico e Folcloristico, e una chiesa tutta bianca con una cupola blu dominante.<br \/><a class=\"moretag\" href=\"https:\/\/www.lipsi-island.com\/it\/lipsos\/\">+ Leggi di Pi\u00f9<\/a><\/p>\n","protected":false},"author":1,"featured_media":53,"parent":0,"menu_order":0,"comment_status":"closed","ping_status":"closed","template":"","meta":{"footnotes":""},"class_list":["post-52","page","type-page","status-publish","has-post-thumbnail","hentry"],"yoast_head":"<!-- This site is optimized with the Yoast SEO plugin v22.8 - https:\/\/yoast.com\/wordpress\/plugins\/seo\/ -->\n<title>Il Capoluogo Di Lipsi<\/title>\n<meta name=\"description\" content=\"Lipsi ha un unico insediamento principale (Chora o Lipsos) , situato nel porto riparato dell&#039;isola. Questo incantevole villaggio insulare \u00e8 caratterizzato da casette bianche\" \/>\n<meta name=\"robots\" content=\"index, follow, max-snippet:-1, max-image-preview:large, max-video-preview:-1\" \/>\n<link rel=\"canonical\" href=\"https:\/\/www.lipsi-island.com\/it\/lipsos\/\" \/>\n<meta property=\"og:locale\" content=\"it_IT\" \/>\n<meta property=\"og:type\" content=\"article\" \/>\n<meta property=\"og:title\" content=\"Il Capoluogo Di Lipsi\" \/>\n<meta property=\"og:description\" content=\"Lipsi ha un unico insediamento principale (Chora o Lipsos) , situato nel porto riparato dell&#039;isola. Questo incantevole villaggio insulare \u00e8 caratterizzato da casette bianche\" \/>\n<meta property=\"og:url\" content=\"https:\/\/www.lipsi-island.com\/it\/lipsos\/\" \/>\n<meta property=\"og:site_name\" content=\"Lipsi\" \/>\n<meta property=\"article:modified_time\" content=\"2024-06-15T12:04:04+00:00\" \/>\n<meta property=\"og:image\" content=\"https:\/\/www.lipsi-island.com\/it\/wp-content\/uploads\/2024\/06\/chora.jpg\" \/>\n\t<meta property=\"og:image:width\" content=\"492\" \/>\n\t<meta property=\"og:image:height\" content=\"349\" \/>\n\t<meta property=\"og:image:type\" content=\"image\/jpeg\" \/>\n<meta name=\"twitter:card\" content=\"summary_large_image\" \/>\n<meta name=\"twitter:label1\" content=\"Tempo di lettura stimato\" \/>\n\t<meta name=\"twitter:data1\" content=\"3 minuti\" \/>\n<script type=\"application\/ld+json\" class=\"yoast-schema-graph\">{\"@context\":\"https:\/\/schema.org\",\"@graph\":[{\"@type\":\"WebPage\",\"@id\":\"https:\/\/www.lipsi-island.com\/it\/lipsos\/\",\"url\":\"https:\/\/www.lipsi-island.com\/it\/lipsos\/\",\"name\":\"Il Capoluogo Di Lipsi\",\"isPartOf\":{\"@id\":\"https:\/\/www.lipsi-island.com\/it\/#website\"},\"primaryImageOfPage\":{\"@id\":\"https:\/\/www.lipsi-island.com\/it\/lipsos\/#primaryimage\"},\"image\":{\"@id\":\"https:\/\/www.lipsi-island.com\/it\/lipsos\/#primaryimage\"},\"thumbnailUrl\":\"https:\/\/www.lipsi-island.com\/it\/wp-content\/uploads\/2024\/06\/chora.jpg\",\"datePublished\":\"2024-06-15T12:03:25+00:00\",\"dateModified\":\"2024-06-15T12:04:04+00:00\",\"description\":\"Lipsi ha un unico insediamento principale (Chora o Lipsos) , situato nel porto riparato dell'isola. Questo incantevole villaggio insulare \u00e8 caratterizzato da casette bianche\",\"breadcrumb\":{\"@id\":\"https:\/\/www.lipsi-island.com\/it\/lipsos\/#breadcrumb\"},\"inLanguage\":\"it-IT\",\"potentialAction\":[{\"@type\":\"ReadAction\",\"target\":[\"https:\/\/www.lipsi-island.com\/it\/lipsos\/\"]}]},{\"@type\":\"ImageObject\",\"inLanguage\":\"it-IT\",\"@id\":\"https:\/\/www.lipsi-island.com\/it\/lipsos\/#primaryimage\",\"url\":\"https:\/\/www.lipsi-island.com\/it\/wp-content\/uploads\/2024\/06\/chora.jpg\",\"contentUrl\":\"https:\/\/www.lipsi-island.com\/it\/wp-content\/uploads\/2024\/06\/chora.jpg\",\"width\":492,\"height\":349,\"caption\":\"chora di lipsi\"},{\"@type\":\"BreadcrumbList\",\"@id\":\"https:\/\/www.lipsi-island.com\/it\/lipsos\/#breadcrumb\",\"itemListElement\":[{\"@type\":\"ListItem\",\"position\":1,\"name\":\"Home\",\"item\":\"https:\/\/www.lipsi-island.com\/it\/\"},{\"@type\":\"ListItem\",\"position\":2,\"name\":\"Villagio di Lipsos\"}]},{\"@type\":\"WebSite\",\"@id\":\"https:\/\/www.lipsi-island.com\/it\/#website\",\"url\":\"https:\/\/www.lipsi-island.com\/it\/\",\"name\":\"Lipsi\",\"description\":\"\",\"publisher\":{\"@id\":\"https:\/\/www.lipsi-island.com\/it\/#organization\"},\"potentialAction\":[{\"@type\":\"SearchAction\",\"target\":{\"@type\":\"EntryPoint\",\"urlTemplate\":\"https:\/\/www.lipsi-island.com\/it\/?s={search_term_string}\"},\"query-input\":\"required name=search_term_string\"}],\"inLanguage\":\"it-IT\"},{\"@type\":\"Organization\",\"@id\":\"https:\/\/www.lipsi-island.com\/it\/#organization\",\"name\":\"Lipsi\",\"url\":\"https:\/\/www.lipsi-island.com\/it\/\",\"logo\":{\"@type\":\"ImageObject\",\"inLanguage\":\"it-IT\",\"@id\":\"https:\/\/www.lipsi-island.com\/it\/#\/schema\/logo\/image\/\",\"url\":\"https:\/\/www.lipsi-island.com\/it\/wp-content\/uploads\/2024\/06\/lipsi-grecia.jpg.webp\",\"contentUrl\":\"https:\/\/www.lipsi-island.com\/it\/wp-content\/uploads\/2024\/06\/lipsi-grecia.jpg.webp\",\"width\":400,\"height\":295,\"caption\":\"Lipsi\"},\"image\":{\"@id\":\"https:\/\/www.lipsi-island.com\/it\/#\/schema\/logo\/image\/\"}}]}<\/script>\n<!-- \/ Yoast SEO plugin. -->","yoast_head_json":{"title":"Il Capoluogo Di Lipsi","description":"Lipsi ha un unico insediamento principale (Chora o Lipsos) , situato nel porto riparato dell'isola. Questo incantevole villaggio insulare \u00e8 caratterizzato da casette bianche","robots":{"index":"index","follow":"follow","max-snippet":"max-snippet:-1","max-image-preview":"max-image-preview:large","max-video-preview":"max-video-preview:-1"},"canonical":"https:\/\/www.lipsi-island.com\/it\/lipsos\/","og_locale":"it_IT","og_type":"article","og_title":"Il Capoluogo Di Lipsi","og_description":"Lipsi ha un unico insediamento principale (Chora o Lipsos) , situato nel porto riparato dell'isola. Questo incantevole villaggio insulare \u00e8 caratterizzato da casette bianche","og_url":"https:\/\/www.lipsi-island.com\/it\/lipsos\/","og_site_name":"Lipsi","article_modified_time":"2024-06-15T12:04:04+00:00","og_image":[{"width":492,"height":349,"url":"https:\/\/www.lipsi-island.com\/it\/wp-content\/uploads\/2024\/06\/chora.jpg","type":"image\/jpeg"}],"twitter_card":"summary_large_image","twitter_misc":{"Tempo di lettura stimato":"3 minuti"},"schema":{"@context":"https:\/\/schema.org","@graph":[{"@type":"WebPage","@id":"https:\/\/www.lipsi-island.com\/it\/lipsos\/","url":"https:\/\/www.lipsi-island.com\/it\/lipsos\/","name":"Il Capoluogo Di Lipsi","isPartOf":{"@id":"https:\/\/www.lipsi-island.com\/it\/#website"},"primaryImageOfPage":{"@id":"https:\/\/www.lipsi-island.com\/it\/lipsos\/#primaryimage"},"image":{"@id":"https:\/\/www.lipsi-island.com\/it\/lipsos\/#primaryimage"},"thumbnailUrl":"https:\/\/www.lipsi-island.com\/it\/wp-content\/uploads\/2024\/06\/chora.jpg","datePublished":"2024-06-15T12:03:25+00:00","dateModified":"2024-06-15T12:04:04+00:00","description":"Lipsi ha un unico insediamento principale (Chora o Lipsos) , situato nel porto riparato dell'isola. Questo incantevole villaggio insulare \u00e8 caratterizzato da casette bianche","breadcrumb":{"@id":"https:\/\/www.lipsi-island.com\/it\/lipsos\/#breadcrumb"},"inLanguage":"it-IT","potentialAction":[{"@type":"ReadAction","target":["https:\/\/www.lipsi-island.com\/it\/lipsos\/"]}]},{"@type":"ImageObject","inLanguage":"it-IT","@id":"https:\/\/www.lipsi-island.com\/it\/lipsos\/#primaryimage","url":"https:\/\/www.lipsi-island.com\/it\/wp-content\/uploads\/2024\/06\/chora.jpg","contentUrl":"https:\/\/www.lipsi-island.com\/it\/wp-content\/uploads\/2024\/06\/chora.jpg","width":492,"height":349,"caption":"chora di lipsi"},{"@type":"BreadcrumbList","@id":"https:\/\/www.lipsi-island.com\/it\/lipsos\/#breadcrumb","itemListElement":[{"@type":"ListItem","position":1,"name":"Home","item":"https:\/\/www.lipsi-island.com\/it\/"},{"@type":"ListItem","position":2,"name":"Villagio di Lipsos"}]},{"@type":"WebSite","@id":"https:\/\/www.lipsi-island.com\/it\/#website","url":"https:\/\/www.lipsi-island.com\/it\/","name":"Lipsi","description":"","publisher":{"@id":"https:\/\/www.lipsi-island.com\/it\/#organization"},"potentialAction":[{"@type":"SearchAction","target":{"@type":"EntryPoint","urlTemplate":"https:\/\/www.lipsi-island.com\/it\/?s={search_term_string}"},"query-input":"required name=search_term_string"}],"inLanguage":"it-IT"},{"@type":"Organization","@id":"https:\/\/www.lipsi-island.com\/it\/#organization","name":"Lipsi","url":"https:\/\/www.lipsi-island.com\/it\/","logo":{"@type":"ImageObject","inLanguage":"it-IT","@id":"https:\/\/www.lipsi-island.com\/it\/#\/schema\/logo\/image\/","url":"https:\/\/www.lipsi-island.com\/it\/wp-content\/uploads\/2024\/06\/lipsi-grecia.jpg.webp","contentUrl":"https:\/\/www.lipsi-island.com\/it\/wp-content\/uploads\/2024\/06\/lipsi-grecia.jpg.webp","width":400,"height":295,"caption":"Lipsi"},"image":{"@id":"https:\/\/www.lipsi-island.com\/it\/#\/schema\/logo\/image\/"}}]}},"_links":{"self":[{"href":"https:\/\/www.lipsi-island.com\/it\/wp-json\/wp\/v2\/pages\/52","targetHints":{"allow":["GET"]}}],"collection":[{"href":"https:\/\/www.lipsi-island.com\/it\/wp-json\/wp\/v2\/pages"}],"about":[{"href":"https:\/\/www.lipsi-island.com\/it\/wp-json\/wp\/v2\/types\/page"}],"author":[{"embeddable":true,"href":"https:\/\/www.lipsi-island.com\/it\/wp-json\/wp\/v2\/users\/1"}],"replies":[{"embeddable":true,"href":"https:\/\/www.lipsi-island.com\/it\/wp-json\/wp\/v2\/comments?post=52"}],"version-history":[{"count":0,"href":"https:\/\/www.lipsi-island.com\/it\/wp-json\/wp\/v2\/pages\/52\/revisions"}],"wp:featuredmedia":[{"embeddable":true,"href":"https:\/\/www.lipsi-island.com\/it\/wp-json\/wp\/v2\/media\/53"}],"wp:attachment":[{"href":"https:\/\/www.lipsi-island.com\/it\/wp-json\/wp\/v2\/media?parent=52"}],"curies":[{"name":"wp","href":"https:\/\/api.w.org\/{rel}","templated":true}]}}